{"id":200,"date":"2024-12-05T09:21:14","date_gmt":"2024-12-05T09:21:14","guid":{"rendered":"https:\/\/consorziobocche.com\/previsioni-meteo\/"},"modified":"2026-02-23T21:21:36","modified_gmt":"2026-02-23T21:21:36","slug":"meteo-la-maddalena","status":"publish","type":"page","link":"https:\/\/www.consorziobocche.com\/fr\/meteo-la-maddalena\/","title":{"rendered":"Previsioni Meteo La Maddalena"},"content":{"rendered":"<div data-elementor-type=\"wp-page\" data-elementor-id=\"200\" class=\"elementor elementor-200\" data-elementor-post-type=\"page\">\n\t\t\t\t\t\t<section class=\"elementor-section elementor-top-section elementor-element elementor-element-75736b1d elementor-section-boxed elementor-section-height-default elementor-section-height-default\" data-id=\"75736b1d\" data-element_type=\"section\" data-settings=\"{&quot;jet_parallax_layout_list&quot;:[]}\">\n\t\t\t\t\t\t<div class=\"elementor-container elementor-column-gap-default\">\n\t\t\t\t\t<div class=\"elementor-column elementor-col-100 elementor-top-column elementor-element elementor-element-492c2270\" data-id=\"492c2270\" data-element_type=\"column\">\n\t\t\t<div class=\"elementor-widget-wrap elementor-element-populated\">\n\t\t\t\t\t\t<div class=\"elementor-element elementor-element-5762d8ce elementor-widget__width-auto elementor-widget elementor-widget-heading\" data-id=\"5762d8ce\" data-element_type=\"widget\" data-widget_type=\"heading.default\">\n\t\t\t\t<div class=\"elementor-widget-container\">\n\t\t\t\t\t<h1 class=\"elementor-heading-title elementor-size-default\">METEO LA MADDALENA<\/h1>\t\t\t\t<\/div>\n\t\t\t\t<\/div>\n\t\t\t\t<div class=\"elementor-element elementor-element-656ad725 elementor-widget elementor-widget-heading\" data-id=\"656ad725\" data-element_type=\"widget\" data-widget_type=\"heading.default\">\n\t\t\t\t<div class=\"elementor-widget-container\">\n\t\t\t\t\t<h2 class=\"elementor-heading-title elementor-size-default\">Previsioni meteo La Maddalena<\/h2>\t\t\t\t<\/div>\n\t\t\t\t<\/div>\n\t\t\t\t<div class=\"elementor-element elementor-element-7a88ca2c elementor-widget elementor-widget-heading\" data-id=\"7a88ca2c\" data-element_type=\"widget\" data-widget_type=\"heading.default\">\n\t\t\t\t<div class=\"elementor-widget-container\">\n\t\t\t\t\t<h3 class=\"elementor-heading-title elementor-size-default\">Temp\u00e9ratures, vents, humidit\u00e9 <\/h3>\t\t\t\t<\/div>\n\t\t\t\t<\/div>\n\t\t\t\t<div class=\"elementor-element elementor-element-33221932 elementor-widget__width-auto elementor-widget elementor-widget-heading\" data-id=\"33221932\" data-element_type=\"widget\" data-widget_type=\"heading.default\">\n\t\t\t\t<div class=\"elementor-widget-container\">\n\t\t\t\t\t<p class=\"elementor-heading-title elementor-size-default\"> mise \u00e0 jour en temps r\u00e9el<\/p>\t\t\t\t<\/div>\n\t\t\t\t<\/div>\n\t\t\t\t<div class=\"elementor-element elementor-element-ebf00ca elementor-widget elementor-widget-html\" data-id=\"ebf00ca\" data-element_type=\"widget\" data-widget_type=\"html.default\">\n\t\t\t\t<div class=\"elementor-widget-container\">\n\t\t\t\t\t<iframe width=\"650\" height=\"450\" src=\"https:\/\/embed.windy.com\/embed.html?type=map&location=coordinates&metricRain=default&metricTemp=default&metricWind=default&zoom=11&overlay=wind&product=ecmwf&level=surface&lat=41.256&lon=9.302\" frameborder=\"0\"><\/iframe>\t\t\t\t<\/div>\n\t\t\t\t<\/div>\n\t\t\t\t\t<\/div>\n\t\t<\/div>\n\t\t\t\t\t<\/div>\n\t\t<\/section>\n\t\t\t\t<section class=\"elementor-section elementor-top-section elementor-element elementor-element-1a6ef607 elementor-section-boxed elementor-section-height-default elementor-section-height-default\" data-id=\"1a6ef607\" data-element_type=\"section\" data-settings=\"{&quot;jet_parallax_layout_list&quot;:[]}\">\n\t\t\t\t\t\t<div class=\"elementor-container elementor-column-gap-default\">\n\t\t\t\t\t<div class=\"elementor-column elementor-col-100 elementor-top-column elementor-element elementor-element-70685e64\" data-id=\"70685e64\" data-element_type=\"column\">\n\t\t\t<div class=\"elementor-widget-wrap elementor-element-populated\">\n\t\t\t\t\t\t<div class=\"elementor-element elementor-element-3f6c68a5 elementor-widget elementor-widget-heading\" data-id=\"3f6c68a5\" data-element_type=\"widget\" data-widget_type=\"heading.default\">\n\t\t\t\t<div class=\"elementor-widget-container\">\n\t\t\t\t\t<h2 class=\"elementor-heading-title elementor-size-default\">Meteo a La Maddalena<\/h2>\t\t\t\t<\/div>\n\t\t\t\t<\/div>\n\t\t\t\t<div class=\"elementor-element elementor-element-252d68b5 elementor-widget elementor-widget-text-editor\" data-id=\"252d68b5\" data-element_type=\"widget\" data-widget_type=\"text-editor.default\">\n\t\t\t\t<div class=\"elementor-widget-container\">\n\t\t\t\t\t\t\t\t\t<p>Cette page sur les pr\u00e9visions m\u00e9t\u00e9orologiques pour Santa Teresa est fournie \u00e0 titre d'information uniquement.<\/p><p>N'oubliez pas que seul le capitaine est en mesure d'\u00e9valuer les conditions m\u00e9t\u00e9orologiques maritimes et de d\u00e9cider si elles permettent ou non de commencer l'excursion.<br \/><br \/>Sa d\u00e9cision est d\u00e9finitive et est prise dans le seul but d'assurer le bien et la s\u00e9curit\u00e9 des passagers.<\/p>\t\t\t\t\t\t\t\t<\/div>\n\t\t\t\t<\/div>\n\t\t\t\t\t<\/div>\n\t\t<\/div>\n\t\t\t\t\t<\/div>\n\t\t<\/section>\n\t\t\t\t<\/div>","protected":false},"excerpt":{"rendered":"<p>METEO LA MADDALENA Previsioni meteo La Maddalena Temperature, venti, umidit\u00e0 aggiornato in tempo reale Meteo a La Maddalena Questa pagina sulle previsioni meteo a Santa Teresa ha solo uno scopo puramente informativo. Ricordiamo che soltanto il comandante pu\u00f2 valutare le condizioni meteo marine e decidere se sono idonee a far partire l&#8217;escursione oppure no. La [&hellip;]<\/p>","protected":false},"author":1,"featured_media":0,"parent":0,"menu_order":0,"comment_status":"closed","ping_status":"closed","template":"","meta":{"footnotes":""},"class_list":["post-200","page","type-page","status-publish","hentry"],"_links":{"self":[{"href":"https:\/\/www.consorziobocche.com\/fr\/wp-json\/wp\/v2\/pages\/200","targetHints":{"allow":["GET"]}}],"collection":[{"href":"https:\/\/www.consorziobocche.com\/fr\/wp-json\/wp\/v2\/pages"}],"about":[{"href":"https:\/\/www.consorziobocche.com\/fr\/wp-json\/wp\/v2\/types\/page"}],"author":[{"embeddable":true,"href":"https:\/\/www.consorziobocche.com\/fr\/wp-json\/wp\/v2\/users\/1"}],"replies":[{"embeddable":true,"href":"https:\/\/www.consorziobocche.com\/fr\/wp-json\/wp\/v2\/comments?post=200"}],"version-history":[{"count":5,"href":"https:\/\/www.consorziobocche.com\/fr\/wp-json\/wp\/v2\/pages\/200\/revisions"}],"predecessor-version":[{"id":10163,"href":"https:\/\/www.consorziobocche.com\/fr\/wp-json\/wp\/v2\/pages\/200\/revisions\/10163"}],"wp:attachment":[{"href":"https:\/\/www.consorziobocche.com\/fr\/wp-json\/wp\/v2\/media?parent=200"}],"curies":[{"name":"wp","href":"https:\/\/api.w.org\/{rel}","templated":true}]}}