{"id":236,"date":"2024-12-05T09:21:25","date_gmt":"2024-12-05T09:21:25","guid":{"rendered":"https:\/\/consorziobocche.com\/dove-ci-si-imbarca-la-maddalena\/"},"modified":"2024-12-30T10:32:49","modified_gmt":"2024-12-30T10:32:49","slug":"punto-de-embarque","status":"publish","type":"page","link":"https:\/\/www.consorziobocche.com\/es\/paseos-en-barco\/paseo-en-barco-la-maddalena\/punto-de-embarque\/","title":{"rendered":"D\u00f3nde embarcar en La Maddalena"},"content":{"rendered":"<div data-elementor-type=\"wp-page\" data-elementor-id=\"236\" class=\"elementor elementor-236\" data-elementor-post-type=\"page\">\n\t\t\t\t\t\t<section class=\"elementor-section elementor-top-section elementor-element elementor-element-33e3058e elementor-section-boxed elementor-section-height-default elementor-section-height-default\" data-id=\"33e3058e\" data-element_type=\"section\" data-settings=\"{&quot;jet_parallax_layout_list&quot;:[],&quot;background_background&quot;:&quot;classic&quot;}\">\n\t\t\t\t\t\t<div class=\"elementor-container elementor-column-gap-default\">\n\t\t\t\t\t<div class=\"elementor-column elementor-col-100 elementor-top-column elementor-element elementor-element-66648350\" data-id=\"66648350\" data-element_type=\"column\" data-settings=\"{&quot;background_background&quot;:&quot;classic&quot;}\">\n\t\t\t<div class=\"elementor-widget-wrap elementor-element-populated\">\n\t\t\t\t\t<div class=\"elementor-background-overlay\"><\/div>\n\t\t\t\t\t\t<div class=\"elementor-element elementor-element-77bf716b elementor-widget__width-auto elementor-widget elementor-widget-heading\" data-id=\"77bf716b\" data-element_type=\"widget\" data-widget_type=\"heading.default\">\n\t\t\t\t<div class=\"elementor-widget-container\">\n\t\t\t\t\t<h1 class=\"elementor-heading-title elementor-size-default\">PUNTOS DE EMBARQUE DE LA EXCURSI\u00d3N A LA MADDALENA<\/h1>\t\t\t\t<\/div>\n\t\t\t\t<\/div>\n\t\t\t\t<div class=\"elementor-element elementor-element-1af32343 elementor-widget elementor-widget-heading\" data-id=\"1af32343\" data-element_type=\"widget\" data-widget_type=\"heading.default\">\n\t\t\t\t<div class=\"elementor-widget-container\">\n\t\t\t\t\t<p class=\"elementor-heading-title elementor-size-default\">D\u00f3nde estamos<\/p>\t\t\t\t<\/div>\n\t\t\t\t<\/div>\n\t\t\t\t<div class=\"elementor-element elementor-element-242c238a elementor-widget elementor-widget-text-editor\" data-id=\"242c238a\" data-element_type=\"widget\" data-widget_type=\"text-editor.default\">\n\t\t\t\t<div class=\"elementor-widget-container\">\n\t\t\t\t\t\t\t\t\t<p>Llegar a los puntos de embarque del <a title=\"excursiones a La Maddalena\" href=\"https:\/\/www.consorziobocche.com\/es\/paseos-en-barco\/paseo-en-barco-la-maddalena\/\">excursiones a La Maddalena<\/a> o <a title=\"excursiones en C\u00f3rcega\" href=\"https:\/\/www.consorziobocche.com\/es\/destinos\/corcega-en-barco\/\">excursiones en C\u00f3rcega<\/a> es tan f\u00e1cil<\/p>\t\t\t\t\t\t\t\t<\/div>\n\t\t\t\t<\/div>\n\t\t\t\t\t<\/div>\n\t\t<\/div>\n\t\t\t\t\t<\/div>\n\t\t<\/section>\n\t\t\t\t<section class=\"elementor-section elementor-top-section elementor-element elementor-element-1cc523f4 elementor-section-boxed elementor-section-height-default elementor-section-height-default\" data-id=\"1cc523f4\" data-element_type=\"section\" data-settings=\"{&quot;jet_parallax_layout_list&quot;:[]}\">\n\t\t\t\t\t\t<div class=\"elementor-container elementor-column-gap-default\">\n\t\t\t\t\t<div class=\"elementor-column elementor-col-100 elementor-top-column elementor-element elementor-element-6dda462e\" data-id=\"6dda462e\" data-element_type=\"column\">\n\t\t\t<div class=\"elementor-widget-wrap elementor-element-populated\">\n\t\t\t\t\t\t<div class=\"elementor-element elementor-element-5767f944 elementor-widget elementor-widget-heading\" data-id=\"5767f944\" data-element_type=\"widget\" data-widget_type=\"heading.default\">\n\t\t\t\t<div class=\"elementor-widget-container\">\n\t\t\t\t\t<h2 class=\"elementor-heading-title elementor-size-default\">Puntos de embarque de las excursiones<\/h2>\t\t\t\t<\/div>\n\t\t\t\t<\/div>\n\t\t\t\t<div class=\"elementor-element elementor-element-433f0f7b elementor-widget elementor-widget-text-editor\" data-id=\"433f0f7b\" data-element_type=\"widget\" data-widget_type=\"text-editor.default\">\n\t\t\t\t<div class=\"elementor-widget-container\">\n\t\t\t\t\t\t\t\t\t<p>Despu\u00e9s de comprar su billete en l\u00ednea, acuda a esta direcci\u00f3n para un registro r\u00e1pido<\/p>\t\t\t\t\t\t\t\t<\/div>\n\t\t\t\t<\/div>\n\t\t\t\t<div class=\"elementor-element elementor-element-33203166 elementor-widget elementor-widget-heading\" data-id=\"33203166\" data-element_type=\"widget\" data-widget_type=\"heading.default\">\n\t\t\t\t<div class=\"elementor-widget-container\">\n\t\t\t\t\t<h3 class=\"elementor-heading-title elementor-size-default\">Excursi\u00f3n La Maddalena<\/h3>\t\t\t\t<\/div>\n\t\t\t\t<\/div>\n\t\t\t\t<div class=\"elementor-element elementor-element-1d470d6d elementor-widget elementor-widget-text-editor\" data-id=\"1d470d6d\" data-element_type=\"widget\" data-widget_type=\"text-editor.default\">\n\t\t\t\t<div class=\"elementor-widget-container\">\n\t\t\t\t\t\t\t\t\t<p>El punto de embarque para la excursi\u00f3n a La Maddalena se encuentra en el puerto deportivo de Santa Teresa, cerca de la Guardia Costera y del Caf\u00e9 La Marina.<\/p><p>Mostrador de facturaci\u00f3n<br \/><a href=\"https:\/\/maps.google.com\/maps\/dir\/\/Cooperativa+Consorzio+Delle+Bocche+Check-in+Desk+Via+la+Marina,+snc+07028+Santa+Teresa+Gallura+SS\/@41.2373574,9.1938292,17z\/data=!4m5!4m4!1m0!1m2!1m1!1s0x12d961d45819f0a1:0x7348d59c47f37fde\" target=\"_blank\" rel=\"noopener nofollow\">Abrir con Google Maps<\/a><\/p>\t\t\t\t\t\t\t\t<\/div>\n\t\t\t\t<\/div>\n\t\t\t\t<div class=\"elementor-element elementor-element-a8c646a elementor-widget elementor-widget-heading\" data-id=\"a8c646a\" data-element_type=\"widget\" data-widget_type=\"heading.default\">\n\t\t\t\t<div class=\"elementor-widget-container\">\n\t\t\t\t\t<h3 class=\"elementor-heading-title elementor-size-default\">Excursi\u00f3n a C\u00f3rcega (lancha r\u00e1pida o embarcaci\u00f3n auxiliar)<\/h3>\t\t\t\t<\/div>\n\t\t\t\t<\/div>\n\t\t\t\t<div class=\"elementor-element elementor-element-63e074a8 elementor-widget elementor-widget-text-editor\" data-id=\"63e074a8\" data-element_type=\"widget\" data-widget_type=\"text-editor.default\">\n\t\t\t\t<div class=\"elementor-widget-container\">\n\t\t\t\t\t\t\t\t\t<p>El punto de embarque para la excursi\u00f3n a C\u00f3rcega en lancha neum\u00e1tica y motora se encuentra en el Molo del Tempo<br \/><a href=\"https:\/\/www.google.com\/maps\/place\/Molo+Piazza+del+Tempo,+07028+Santa+Teresa+Gallura+SS\/@41.2349529,9.1907367,17z\/data=!3m1!4b1!4m5!3m4!1s0x12d96000600f581f:0x4087435068f5e23a!8m2!3d41.2349529!4d9.1929254\" target=\"_blank\" rel=\"noopener nofollow\">Abrir con Google Maps<\/a><\/p>\t\t\t\t\t\t\t\t<\/div>\n\t\t\t\t<\/div>\n\t\t\t\t\t<\/div>\n\t\t<\/div>\n\t\t\t\t\t<\/div>\n\t\t<\/section>\n\t\t\t\t<section class=\"elementor-section elementor-top-section elementor-element elementor-element-788c2134 elementor-section-boxed elementor-section-height-default elementor-section-height-default\" data-id=\"788c2134\" data-element_type=\"section\" data-settings=\"{&quot;jet_parallax_layout_list&quot;:[]}\">\n\t\t\t\t\t\t<div class=\"elementor-container elementor-column-gap-default\">\n\t\t\t\t\t<div class=\"elementor-column elementor-col-100 elementor-top-column elementor-element elementor-element-24f92d8b\" data-id=\"24f92d8b\" data-element_type=\"column\">\n\t\t\t<div class=\"elementor-widget-wrap elementor-element-populated\">\n\t\t\t\t\t\t<div class=\"elementor-element elementor-element-7dce729f elementor-widget elementor-widget-heading\" data-id=\"7dce729f\" data-element_type=\"widget\" data-widget_type=\"heading.default\">\n\t\t\t\t<div class=\"elementor-widget-container\">\n\t\t\t\t\t<p class=\"elementor-heading-title elementor-size-default\">\ud83d\udc4d<br>No se preocupe, despu\u00e9s de comprar su billete en l\u00ednea recibir\u00e1 enlaces GPS que le llevar\u00e1n c\u00f3modamente a su destino<\/p>\t\t\t\t<\/div>\n\t\t\t\t<\/div>\n\t\t\t\t\t<\/div>\n\t\t<\/div>\n\t\t\t\t\t<\/div>\n\t\t<\/section>\n\t\t\t\t<section class=\"elementor-section elementor-top-section elementor-element elementor-element-416b33b1 elementor-section-boxed elementor-section-height-default elementor-section-height-default\" data-id=\"416b33b1\" data-element_type=\"section\" data-settings=\"{&quot;jet_parallax_layout_list&quot;:[]}\">\n\t\t\t\t\t\t<div class=\"elementor-container elementor-column-gap-default\">\n\t\t\t\t\t<div class=\"elementor-column elementor-col-100 elementor-top-column elementor-element elementor-element-4cda7b0c\" data-id=\"4cda7b0c\" data-element_type=\"column\">\n\t\t\t<div class=\"elementor-widget-wrap elementor-element-populated\">\n\t\t\t\t\t\t<div class=\"elementor-element elementor-element-1937b7e8 elementor-widget elementor-widget-toggle\" data-id=\"1937b7e8\" data-element_type=\"widget\" data-widget_type=\"toggle.default\">\n\t\t\t\t<div class=\"elementor-widget-container\">\n\t\t\t\t\t\t\t<div class=\"elementor-toggle\">\n\t\t\t\t\t\t\t<div class=\"elementor-toggle-item\">\n\t\t\t\t\t<h2 id=\"elementor-tab-title-4231\" class=\"elementor-tab-title\" data-tab=\"1\" role=\"button\" aria-controls=\"elementor-tab-content-4231\" aria-expanded=\"false\">\n\t\t\t\t\t\t\t\t\t\t\t\t<span class=\"elementor-toggle-icon elementor-toggle-icon-right\" aria-hidden=\"true\">\n\t\t\t\t\t\t\t\t\t\t\t\t\t\t\t<span class=\"elementor-toggle-icon-closed\"><svg class=\"e-font-icon-svg e-fas-chevron-down\" viewbox=\"0 0 448 512\" xmlns=\"http:\/\/www.w3.org\/2000\/svg\"><path d=\"M207.029 381.476L12.686 187.132c-9.373-9.373-9.373-24.569 0-33.941l22.667-22.667c9.357-9.357 24.522-9.375 33.901-.04L224 284.505l154.745-154.021c9.379-9.335 24.544-9.317 33.901.04l22.667 22.667c9.373 9.373 9.373 24.569 0 33.941L240.971 381.476c-9.373 9.372-24.569 9.372-33.942 0z\"><\/path><\/svg><\/span>\n\t\t\t\t\t\t\t\t<span class=\"elementor-toggle-icon-opened\"><svg class=\"elementor-toggle-icon-opened e-font-icon-svg e-fas-chevron-up\" viewbox=\"0 0 448 512\" xmlns=\"http:\/\/www.w3.org\/2000\/svg\"><path d=\"M240.971 130.524l194.343 194.343c9.373 9.373 9.373 24.569 0 33.941l-22.667 22.667c-9.357 9.357-24.522 9.375-33.901.04L224 227.495 69.255 381.516c-9.379 9.335-24.544 9.317-33.901-.04l-22.667-22.667c-9.373-9.373-9.373-24.569 0-33.941L207.03 130.525c9.372-9.373 24.568-9.373 33.941-.001z\"><\/path><\/svg><\/span>\n\t\t\t\t\t\t\t\t\t\t\t\t\t<\/span>\n\t\t\t\t\t\t\t\t\t\t\t\t<a class=\"elementor-toggle-title\" tabindex=\"0\">\u00bfD\u00f3nde embarcar hacia La Maddalena?<\/a>\n\t\t\t\t\t<\/h2>\n\n\t\t\t\t\t<div id=\"elementor-tab-content-4231\" class=\"elementor-tab-content elementor-clearfix\" data-tab=\"1\" role=\"region\" aria-labelledby=\"elementor-tab-title-4231\"><p>La Maddalena es una isla situada en Cerde\u00f1a, Italia, y existen varias opciones para embarcar y llegar a ella.<\/p><p><strong>Ciudad de La Maddalena<\/strong><br \/>La mayor\u00eda de la gente embarca hacia La Maddalena desde el puerto de Palau, situado en la costa nororiental de Cerde\u00f1a. Desde all\u00ed, hay varias compa\u00f1\u00edas de ferry que ofrecen servicios de transporte a la isla.<\/p><p>Tambi\u00e9n es posible tomar un ferry desde Santa Teresa di Gallura, otra localidad sarda de la costa norte, situada a pocos kil\u00f3metros de Palau.<\/p><p>En cualquier caso, le aconsejo que consulte los horarios y las tarifas de los transbordadores con las distintas compa\u00f1\u00edas de transporte para encontrar la opci\u00f3n que mejor se adapte a sus necesidades.<\/p><p><strong>Archipi\u00e9lago de La Maddalena<\/strong><br \/>La ciudad de La Maddalena tambi\u00e9n da nombre al famoso Archipi\u00e9lago de La Maddalena, que es un Parque Nacional.<\/p><p>La mayor\u00eda de las excursiones en barco para ver el<a title=\"Archipi\u00e9lago de La Maddalena\" href=\"https:\/\/www.consorziobocche.com\/es\/paseos-en-barco\/paseo-en-barco-la-maddalena\/\">Archipi\u00e9lago de La Maddalena<\/a> parte de Palau.<\/p><p><strong>Consorzio delle Bocche<\/strong> realiza <a title=\"excursiones en barco desde Santa Teresa Gallura\" href=\"https:\/\/www.consorziobocche.com\/es\/paseos-en-barco\/paseo-en-barco-la-maddalena\/\">excursiones en barco desde Santa Teresa Gallura<\/a> que tambi\u00e9n permiten ver un lado menos transitado del archipi\u00e9lago de La Maddalena, conocido como <em>Archipi\u00e9lago Corso<\/em>&#8220;<\/p><\/div>\n\t\t\t\t<\/div>\n\t\t\t\t\t\t\t\t\t\t<script type=\"application\/ld+json\">{\n    \"@context\": \"https:\\\/\\\/schema.org\",\n    \"@type\": \"FAQPage\",\n    \"mainEntity\": [\n        {\n            \"@type\": \"Question\",\n            \"name\": \"Dove ci si imbarca per La Maddalena?\",\n            \"acceptedAnswer\": {\n                \"@type\": \"Answer\",\n                \"text\": \"<p>La Maddalena \\u00e8 un&#8217;isola situata in Sardegna, Italia, e ci sono diverse opzioni per imbarcarsi e raggiungerla.<\\\/p><p><strong>La Maddalena citt\\u00e0<\\\/strong><br \\\/>La maggior parte delle persone si imbarca per La Maddalena dal porto di Palau, situato sulla costa nord-orientale della Sardegna. Da l\\u00ec, ci sono diverse compagnie di traghetti che offrono servizi di trasporto per l&#8217;isola.<\\\/p><p>In alternativa, \\u00e8 possibile prendere un traghetto da Santa Teresa di Gallura, un&#8217;altra citt\\u00e0 della Sardegna situata sulla costa nord, che si trova a pochi chilometri da Palau.<\\\/p><p>In ogni caso, ti consiglio di verificare gli orari e le tariffe dei traghetti con le diverse compagnie di trasporto, in modo da trovare l&#8217;opzione migliore per le tue esigenze.<\\\/p><p><strong>Arcipelago La Maddalena<\\\/strong><br \\\/>La citt\\u00e0 di La Maddalena d\\u00e0 anche il nome al famoso Arcipelago La Maddalena che \\u00e8 un Parco Nazionale.<\\\/p><p>La maggior parte di escursioni in barca per vedere l&#8217;<a title=\\\"Arcipelago La Maddalena\\\" href=\\\"https:\\\/\\\/www.consorziobocche.com\\\/gite-in-barca\\\/gita-in-barca-la-maddalena\\\/\\\">Arcipelago La Maddalena<\\\/a> parte da Palau.<\\\/p><p><strong>Consorzio delle Bocche<\\\/strong> effettua <a title=\\\"escursioni in barca da Santa Teresa Gallura\\\" href=\\\"https:\\\/\\\/www.consorziobocche.com\\\/gite-in-barca\\\/gita-in-barca-la-maddalena\\\/\\\">escursioni in barca da Santa Teresa Gallura<\\\/a> che ti permettono di vedere anche un lato meno battuto dell&#8217; Arcipelago La Maddalena, detto <em>&#8220;Arcipelago Corso<\\\/em>&#8220;<\\\/p>\"\n            }\n        }\n    ]\n}<\/script>\n\t\t\t\t\t<\/div>\n\t\t\t\t\t\t<\/div>\n\t\t\t\t<\/div>\n\t\t\t\t\t<\/div>\n\t\t<\/div>\n\t\t\t\t\t<\/div>\n\t\t<\/section>\n\t\t\t\t<\/div>","protected":false},"excerpt":{"rendered":"<p>PUNTI DI IMBARCO ESCURSIONI PER LA MADDALENA Dove siamo Raggiungere i punti di imbarco delle escursioni a La Maddalena o escursioni in Corsica \u00e8 facilissimo Punti di imbarco escursioni Dopo che hai acquistato il biglietto online, raggiungici a questo indirizzo per fare un veloce check-in Escursione La Maddalena Il punto di imbarco per l&#8217;escursione La [&hellip;]<\/p>","protected":false},"author":1,"featured_media":0,"parent":287,"menu_order":0,"comment_status":"closed","ping_status":"closed","template":"","meta":{"footnotes":""},"class_list":["post-236","page","type-page","status-publish","hentry"],"_links":{"self":[{"href":"https:\/\/www.consorziobocche.com\/es\/wp-json\/wp\/v2\/pages\/236","targetHints":{"allow":["GET"]}}],"collection":[{"href":"https:\/\/www.consorziobocche.com\/es\/wp-json\/wp\/v2\/pages"}],"about":[{"href":"https:\/\/www.consorziobocche.com\/es\/wp-json\/wp\/v2\/types\/page"}],"author":[{"embeddable":true,"href":"https:\/\/www.consorziobocche.com\/es\/wp-json\/wp\/v2\/users\/1"}],"replies":[{"embeddable":true,"href":"https:\/\/www.consorziobocche.com\/es\/wp-json\/wp\/v2\/comments?post=236"}],"version-history":[{"count":0,"href":"https:\/\/www.consorziobocche.com\/es\/wp-json\/wp\/v2\/pages\/236\/revisions"}],"up":[{"embeddable":true,"href":"https:\/\/www.consorziobocche.com\/es\/wp-json\/wp\/v2\/pages\/287"}],"wp:attachment":[{"href":"https:\/\/www.consorziobocche.com\/es\/wp-json\/wp\/v2\/media?parent=236"}],"curies":[{"name":"wp","href":"https:\/\/api.w.org\/{rel}","templated":true}]}}